{"id":6,"date":"2006-11-03T11:04:46","date_gmt":"2006-11-03T10:04:46","guid":{"rendered":"https:\/\/blog.dreier.cloud\/?page_id=6"},"modified":"2006-11-03T11:04:46","modified_gmt":"2006-11-03T10:04:46","slug":"about","status":"publish","type":"page","link":"https:\/\/blog.dreier.cloud\/?page_id=6","title":{"rendered":"About"},"content":{"rendered":"<p>Stress, Langeweile, viel zu viel Druck und viel zu wenig Zeit &#8211; und das alles gleichzeitig. Wenn euch das irgendwie bekannt vorkommt, dann seid ihr wahrscheinlich auch Studenten an einer Berufsakademie, so wie ich. Irgendwie hatte ich schon immer das Bestreben, mein Leid mit euch zu teilen, und jetzt habe ich mich endlich mal aufgerafft, was daf\u00fcr zu tun. Naja, wurde auch Zeit :).<\/p>\n<p>Ein paar Worte \u00fcber dieses Blog, damit ihr auch wisst, woher dieser M\u00fcll hier eigentlich stammt:<\/p>\n<p>Dieses Blog ist eine Zusammenfassung aus vorher zwei Blogs. Das erste is mein Indyblog, das ich als Reisebericht f\u00fcr Daheimgebliebene und Hilfestellung f\u00fcr Nachfolgende w\u00e4hrend meinem viermonatigen Aufenthalt in Indien verfasst habe. Den Inhalt dieses Blogs findet ihr unter der Kategorie <a href=\"\/category\/auslandseinsaetze\/indien\/\">&#8222;Auslandseins\u00e4tze &#8211; Indien&#8220;<\/a>. <\/p>\n<p>Das zweite Blog ist eher allgemein uns entstand w\u00e4hrend der Arbeit an meiner Studienarbeit, die lange Stunden meines Lebens fra\u00df (zugegebenerma\u00dfen nicht die Schlechtesten, denn ich war nicht alleine in meinem &#8222;Leid&#8220;). Hierzu z\u00e4hlen vor Allem die Eintr\u00e4ge der Kategorien <a href=\"\/category\/berufsakademie\/\">&#8222;Berufsakademie&#8220;<\/a> und <a href=\"\/category\/notizen-aus-der-ub\/\">&#8222;Notizen aus der UB&#8220;<\/a>. <\/p>\n<p>Leider bin ich ein eher bequemer Mensch, daher kommt hier eher wenig Neues hinzu. Allerdings benutze ich das Blog flei\u00dfig als Reisetagebuch, was man an dem Umfang der Kategorie &#8222;Auslandseins\u00e4tze&#8220; sehen kann&#8230;<\/p>\n<p><!--\nIch bin Martin, meines Zeichens Student an der Berufsakademie Mannheim. Das Schicksal hat mich in den Studiengang International Business Information Technology (IBIT) verfrachtet, und ich habe es jetzt bis ins f\u00fcnfte Semester geschafft. Mein Ausbildungsunternehmen ist die SAP AG, Walldorf, die mich immerhin auch schon mal bis nach Bangalore in Indien verfrachtet hat, und mich jetzt nach Frankreich geschickt hat.--><\/p>\n<p>Jetzt aber viel Spass beim Lesen der &#8222;Annotations on life&#8220;!<\/p>\n<p>Mehr Infos zu mir gibt&#8217;s auch auf <a title=\"Martin.home\" href=\"http:\/\/www.martindreier.de\">meiner Homepage<\/a>, im Abschnitt <a title=\"Martin.home - About\" href=\"http:\/\/www.martindreier.de\/About\">About<\/a><\/p>\n","protected":false},"excerpt":{"rendered":"<p>Stress, Langeweile, viel zu viel Druck und viel zu wenig Zeit &#8211; und das alles gleichzeitig. Wenn euch das irgendwie bekannt vorkommt, dann seid ihr wahrscheinlich auch Studenten an einer Berufsakademie, so wie ich. Irgendwie hatte ich schon immer das Bestreben, mein Leid mit euch zu teilen, und jetzt habe ich mich endlich mal aufgerafft,\u2026 <span class=\"read-more\"><a href=\"https:\/\/blog.dreier.cloud\/?page_id=6\">Weiterlesen &raquo;<\/a><\/span><\/p>\n","protected":false},"author":1,"featured_media":0,"parent":0,"menu_order":0,"comment_status":"closed","ping_status":"open","template":"","meta":{"footnotes":""},"class_list":["post-6","page","type-page","status-publish","hentry"],"_links":{"self":[{"href":"https:\/\/blog.dreier.cloud\/index.php?rest_route=\/wp\/v2\/pages\/6","targetHints":{"allow":["GET"]}}],"collection":[{"href":"https:\/\/blog.dreier.cloud\/index.php?rest_route=\/wp\/v2\/pages"}],"about":[{"href":"https:\/\/blog.dreier.cloud\/index.php?rest_route=\/wp\/v2\/types\/page"}],"author":[{"embeddable":true,"href":"https:\/\/blog.dreier.cloud\/index.php?rest_route=\/wp\/v2\/users\/1"}],"replies":[{"embeddable":true,"href":"https:\/\/blog.dreier.cloud\/index.php?rest_route=%2Fwp%2Fv2%2Fcomments&post=6"}],"version-history":[{"count":0,"href":"https:\/\/blog.dreier.cloud\/index.php?rest_route=\/wp\/v2\/pages\/6\/revisions"}],"wp:attachment":[{"href":"https:\/\/blog.dreier.cloud\/index.php?rest_route=%2Fwp%2Fv2%2Fmedia&parent=6"}],"curies":[{"name":"wp","href":"https:\/\/api.w.org\/{rel}","templated":true}]}}